{"id":15969,"date":"2022-04-16T23:51:28","date_gmt":"2022-04-16T23:51:28","guid":{"rendered":"https:\/\/agafaydaypass.com\/about\/"},"modified":"2026-02-14T23:40:23","modified_gmt":"2026-02-14T22:40:23","slug":"a-propos","status":"publish","type":"page","link":"https:\/\/marocdaypass.com\/fr\/a-propos\/","title":{"rendered":"a propos"},"content":{"rendered":"\t\t<div data-elementor-type=\"wp-page\" data-elementor-id=\"15969\" class=\"elementor elementor-15969\" data-elementor-post-type=\"page\">\n\t\t\t\t\t\t<section class=\"elementor-section elementor-top-section elementor-element elementor-element-1e2f5304 elementor-section-boxed elementor-section-height-default elementor-section-height-default\" data-id=\"1e2f5304\" data-element_type=\"section\">\n\t\t\t\t\t\t<div class=\"elementor-container elementor-column-gap-default\">\n\t\t\t\t\t<div class=\"elementor-column elementor-col-100 elementor-top-column elementor-element elementor-element-6aae9b20\" data-id=\"6aae9b20\" data-element_type=\"column\">\n\t\t\t<div class=\"elementor-widget-wrap elementor-element-populated\">\n\t\t\t\t\t\t<div class=\"elementor-element elementor-element-4bbaade elementor-widget elementor-widget-heading\" data-id=\"4bbaade\" data-element_type=\"widget\" data-widget_type=\"heading.default\">\n\t\t\t\t<div class=\"elementor-widget-container\">\n\t\t\t\t\t<h2 class=\"elementor-heading-title elementor-size-default\">\u00c0 propos d'Agafay  Desert Day Pass<\/h2>\t\t\t\t<\/div>\n\t\t\t\t<\/div>\n\t\t\t\t<div class=\"elementor-element elementor-element-2eecd387 elementor-widget elementor-widget-heading\" data-id=\"2eecd387\" data-element_type=\"widget\" data-widget_type=\"heading.default\">\n\t\t\t\t<div class=\"elementor-widget-container\">\n\t\t\t\t\t<h2 class=\"elementor-heading-title elementor-size-default\">Envie de vous \u00e9vader, de revenir \u00e0 l'essentiel au c\u0153ur du d\u00e9sert, tout en pr\u00e9servant votre confort pour une journ\u00e9e ? Venez vivre un moment d'exception en obtenant votre pass journ\u00e9e dans les luxueuses piscines du d\u00e9sert d'agafay sans avoir \u00e0 y passer la nuit. Nous vous proposons une cuisine marocaine vari\u00e9e et de qualit\u00e9. Les plats sont \u00e9labor\u00e9s \u00e0 partir de produits locaux, et confectionn\u00e9s par de vrais cuisiniers marocains aux traditions ancestrales, qui se caract\u00e9rise par le m\u00e9lange sucr\u00e9\/sal\u00e9 et l'apport de nombreuses \u00e9pices dans des tentes nomades install\u00e9es dans la plus pure tradition marocaine par des sp\u00e9cialistes et des hommes de terrain tr\u00e8s exp\u00e9riment\u00e9s . soyez notre invit\u00e9 et d\u00e9couvrez un v\u00e9ritable joyau nich\u00e9 au c\u0153ur du d\u00e9sert d'Agafay \u00e0 seulement 30 minutes de Marrakech<\/h2>\t\t\t\t<\/div>\n\t\t\t\t<\/div>\n\t\t\t\t\t<\/div>\n\t\t<\/div>\n\t\t\t\t\t<\/div>\n\t\t<\/section>\n\t\t\t\t<section class=\"elementor-section elementor-top-section elementor-element elementor-element-bfbc291 elementor-section-boxed elementor-section-height-default elementor-section-height-default\" data-id=\"bfbc291\" data-element_type=\"section\">\n\t\t\t\t\t\t<div class=\"elementor-container elementor-column-gap-default\">\n\t\t\t\t\t<div class=\"elementor-column elementor-col-100 elementor-top-column elementor-element elementor-element-c071240\" data-id=\"c071240\" data-element_type=\"column\">\n\t\t\t<div class=\"elementor-widget-wrap elementor-element-populated\">\n\t\t\t\t\t\t<div class=\"elementor-element elementor-element-5e6f8a4 elementor-widget elementor-widget-heading\" data-id=\"5e6f8a4\" data-element_type=\"widget\" data-widget_type=\"heading.default\">\n\t\t\t\t<div class=\"elementor-widget-container\">\n\t\t\t\t\t<h2 class=\"elementor-heading-title elementor-size-default\">Pourquoi choisir Agafay Day Pass ?<\/h2>\t\t\t\t<\/div>\n\t\t\t\t<\/div>\n\t\t<div class=\"elementor-element elementor-element-a29c3b7 e-flex e-con-boxed e-con e-parent\" data-id=\"a29c3b7\" data-element_type=\"container\">\n\t\t\t\t\t<div class=\"e-con-inner\">\n\t\t<div class=\"elementor-element elementor-element-3a5d81b e-con-full e-flex e-con e-child\" data-id=\"3a5d81b\" data-element_type=\"container\">\n\t\t\t\t<div class=\"elementor-element elementor-element-cf829aa elementor-widget elementor-widget-image-box\" data-id=\"cf829aa\" data-element_type=\"widget\" data-widget_type=\"image-box.default\">\n\t\t\t\t<div class=\"elementor-widget-container\">\n\t\t\t\t\t<div class=\"elementor-image-box-wrapper\"><div class=\"elementor-image-box-content\"><h3 class=\"elementor-image-box-title\">Flexibilit\u00e9 ultime<\/h3><p class=\"elementor-image-box-description\">Vous avez le contr\u00f4le, avec des options d'annulation gratuite et de paiement partiel pour satisfaire n'importe quel plan ou budget.<\/p><\/div><\/div>\t\t\t\t<\/div>\n\t\t\t\t<\/div>\n\t\t\t\t<\/div>\n\t\t<div class=\"elementor-element elementor-element-d916ee5 e-con-full e-flex e-con e-child\" data-id=\"d916ee5\" data-element_type=\"container\">\n\t\t\t\t<div class=\"elementor-element elementor-element-95eea30 elementor-widget elementor-widget-image-box\" data-id=\"95eea30\" data-element_type=\"widget\" data-widget_type=\"image-box.default\">\n\t\t\t\t<div class=\"elementor-widget-container\">\n\t\t\t\t\t<div class=\"elementor-image-box-wrapper\"><div class=\"elementor-image-box-content\"><h3 class=\"elementor-image-box-title\">Exp\u00e9riences inoubliables<\/h3><p class=\"elementor-image-box-description\">Parcourez et r\u00e9servez des visites et des activit\u00e9s si incroyables que vous aurez envie de parler \u00e0 vos amis du d\u00e9sert d'Agafay et du Maroc.<\/p><\/div><\/div>\t\t\t\t<\/div>\n\t\t\t\t<\/div>\n\t\t\t\t<\/div>\n\t\t<div class=\"elementor-element elementor-element-b6bbedf e-con-full e-flex e-con e-child\" data-id=\"b6bbedf\" data-element_type=\"container\">\n\t\t\t\t<div class=\"elementor-element elementor-element-d740a5e elementor-widget elementor-widget-image-box\" data-id=\"d740a5e\" data-element_type=\"widget\" data-widget_type=\"image-box.default\">\n\t\t\t\t<div class=\"elementor-widget-container\">\n\t\t\t\t\t<div class=\"elementor-image-box-wrapper\"><div class=\"elementor-image-box-content\"><h3 class=\"elementor-image-box-title\">Paiement s\u00e9curis\u00e9<\/h3><p class=\"elementor-image-box-description\">Payez en esp\u00e8ces ou utilisez l'une des passerelles 100% s\u00e9curis\u00e9es (Stipe ou Paypal) en ligne.<\/p><\/div><\/div>\t\t\t\t<\/div>\n\t\t\t\t<\/div>\n\t\t\t\t<\/div>\n\t\t<div class=\"elementor-element elementor-element-faf5253 e-con-full e-flex e-con e-child\" data-id=\"faf5253\" data-element_type=\"container\">\n\t\t\t\t<div class=\"elementor-element elementor-element-94159b7 elementor-widget elementor-widget-image-box\" data-id=\"94159b7\" data-element_type=\"widget\" data-widget_type=\"image-box.default\">\n\t\t\t\t<div class=\"elementor-widget-container\">\n\t\t\t\t\t<div class=\"elementor-image-box-wrapper\"><div class=\"elementor-image-box-content\"><h3 class=\"elementor-image-box-title\">Assistance prim\u00e9e<\/h3><p class=\"elementor-image-box-description\">Vous avez une question ou besoin d'aide ? Aucun probl\u00e8me. Nous sommes l\u00e0 pour vous aider, 24h\/24 et 7j\/7.<\/p><\/div><\/div>\t\t\t\t<\/div>\n\t\t\t\t<\/div>\n\t\t\t\t<\/div>\n\t\t\t\t\t<\/div>\n\t\t\t\t<\/div>\n\t\t\t\t\t<\/div>\n\t\t<\/div>\n\t\t\t\t\t<\/div>\n\t\t<\/section>\n\t\t\t\t<section class=\"elementor-section elementor-top-section elementor-element elementor-element-6a5a94e3 elementor-section-boxed elementor-section-height-default elementor-section-height-default\" data-id=\"6a5a94e3\" data-element_type=\"section\">\n\t\t\t\t\t\t<div class=\"elementor-container elementor-column-gap-default\">\n\t\t\t\t\t<div class=\"elementor-column elementor-col-50 elementor-top-column elementor-element elementor-element-52410987\" data-id=\"52410987\" data-element_type=\"column\">\n\t\t\t<div class=\"elementor-widget-wrap elementor-element-populated\">\n\t\t\t\t\t\t<div class=\"elementor-element elementor-element-54e053c2 elementor-widget elementor-widget-heading\" data-id=\"54e053c2\" data-element_type=\"widget\" data-widget_type=\"heading.default\">\n\t\t\t\t<div class=\"elementor-widget-container\">\n\t\t\t\t\t<h2 class=\"elementor-heading-title elementor-size-default\"><span style=\"font-weight: bolder;font-family: Poppins, Helvetica, Arial, sans-serif;font-size: 16px;white-space: normal\">\u00cates-vous un voyagiste?<\/span><\/h2>\t\t\t\t<\/div>\n\t\t\t\t<\/div>\n\t\t\t\t<div class=\"elementor-element elementor-element-363cb770 elementor-widget elementor-widget-heading\" data-id=\"363cb770\" data-element_type=\"widget\" data-widget_type=\"heading.default\">\n\t\t\t\t<div class=\"elementor-widget-container\">\n\t\t\t\t\t<h2 class=\"elementor-heading-title elementor-size-default\">Le Desert d'Agafay Day Pass vous permet de d\u00e9velopper facilement votre entreprise et d'atteindre des clients dans le monde entier. Acc\u00e9dez \u00e0 des informations sp\u00e9cifiques au march\u00e9 et \u00e0 un coaching personnalis\u00e9 pour aider vos annonces \u00e0 se d\u00e9marquer des autres. Utilisez notre centre de gestion des exp\u00e9riences intuitif pour passer moins de temps \u00e0 g\u00e9rer votre entreprise et plus de temps \u00e0 cr\u00e9er des moments m\u00e9morables.<\/h2>\t\t\t\t<\/div>\n\t\t\t\t<\/div>\n\t\t\t\t<div class=\"elementor-element elementor-element-75c3a30 elementor-widget elementor-widget-heading\" data-id=\"75c3a30\" data-element_type=\"widget\" data-widget_type=\"heading.default\">\n\t\t\t\t<div class=\"elementor-widget-container\">\n\t\t\t\t\t<h2 class=\"elementor-heading-title elementor-size-default\">Agafay Day Pass est votre partenaire de confiance pour d\u00e9velopper votre entreprise et partager votre passion avec le monde. Cliquez ici pour commencer.<\/h2>\t\t\t\t<\/div>\n\t\t\t\t<\/div>\n\t\t\t\t\t<\/div>\n\t\t<\/div>\n\t\t\t\t<div class=\"elementor-column elementor-col-50 elementor-top-column elementor-element elementor-element-3acbe6d7\" data-id=\"3acbe6d7\" data-element_type=\"column\">\n\t\t\t<div class=\"elementor-widget-wrap elementor-element-populated\">\n\t\t\t\t\t\t<div class=\"elementor-element elementor-element-5c6b690d elementor-widget elementor-widget-heading\" data-id=\"5c6b690d\" data-element_type=\"widget\" data-widget_type=\"heading.default\">\n\t\t\t\t<div class=\"elementor-widget-container\">\n\t\t\t\t\t<h2 class=\"elementor-heading-title elementor-size-default\"><span style=\"font-weight: bolder;font-family: Poppins, Helvetica, Arial, sans-serif;font-size: 16px;white-space: normal\">\u00cates-vous un agent de voyage?<\/span><\/h2>\t\t\t\t<\/div>\n\t\t\t\t<\/div>\n\t\t\t\t<div class=\"elementor-element elementor-element-8ba4a4c elementor-widget elementor-widget-heading\" data-id=\"8ba4a4c\" data-element_type=\"widget\" data-widget_type=\"heading.default\">\n\t\t\t\t<div class=\"elementor-widget-container\">\n\t\t\t\t\t<h2 class=\"elementor-heading-title elementor-size-default\">Inscrivez-vous \u00e0 notre plateforme d'agents de voyages  ici  et commencez \u00e0 gagner 8 % de commissions sur tous les circuits et activit\u00e9s que vous vendez sur notre site de r\u00e9servation d'agents de voyages. Vous serez pay\u00e9 mensuellement et b\u00e9n\u00e9ficierez de rapports solides pour vous aider \u00e0 g\u00e9rer vos r\u00e9servations et vos revenus.<\/h2>\t\t\t\t<\/div>\n\t\t\t\t<\/div>\n\t\t\t\t\t<\/div>\n\t\t<\/div>\n\t\t\t\t\t<\/div>\n\t\t<\/section>\n\t\t\t\t<section class=\"elementor-section elementor-top-section elementor-element elementor-element-3f140f7e elementor-section-boxed elementor-section-height-default elementor-section-height-default\" data-id=\"3f140f7e\" data-element_type=\"section\" data-settings=\"{&quot;background_background&quot;:&quot;classic&quot;}\">\n\t\t\t\t\t\t<div class=\"elementor-container elementor-column-gap-default\">\n\t\t\t\t\t<div class=\"elementor-column elementor-col-100 elementor-top-column elementor-element elementor-element-19e07eda\" data-id=\"19e07eda\" data-element_type=\"column\">\n\t\t\t<div class=\"elementor-widget-wrap elementor-element-populated\">\n\t\t\t\t\t\t<div class=\"elementor-element elementor-element-393379d9 elementor-widget elementor-widget-heading\" data-id=\"393379d9\" data-element_type=\"widget\" data-widget_type=\"heading.default\">\n\t\t\t\t<div class=\"elementor-widget-container\">\n\t\t\t\t\t<h2 class=\"elementor-heading-title elementor-size-default\">Ce que disent nos clients<\/h2>\t\t\t\t<\/div>\n\t\t\t\t<\/div>\n\t\t\t\t<div class=\"elementor-element elementor-element-5284cf5f elementor-widget elementor-widget-st_testimonial\" data-id=\"5284cf5f\" data-element_type=\"widget\" data-settings=\"{&quot;slides_per_view&quot;:&quot;2&quot;}\" data-widget_type=\"st_testimonial.default\">\n\t\t\t\t<div class=\"elementor-widget-container\">\n\t\t\t\t\t<div class=\"st-testimonial-modern-slider\">\r\n    <div class=\"st-testimonial\" data-effect=\"creative\" data-slides-per-view=\"2\" data-pagination=\"on\" data-navigation=\"on\" data-auto-play=\"off\" data-loop=\"true\" data-delay=\"\">\r\n        <div class=\"service-testimonial-wrapper swiper-container\">\r\n\t\t\t<div class=\"swiper-wrapper\">\r\n                            <div class=\"swiper-slide\">\r\n                    <div class=\"item\">\r\n\r\n                        \r\n                        <p class=\"st-content st-content-lib\">\r\n                            \u201cIt was Marvelous \ud83d\ude0d best agafay experience the owners of the place were super nice and welcoming the food is great and the view was absolutely worth it will definitely be back.\u201d                        <\/p>\r\n                        <div class=\"author-meta author-meta-lib\">\r\n                                                                    <i class=\"review-testimonial stt-icon-star1\"><\/i>\r\n                                                                            <i class=\"review-testimonial stt-icon-star1\"><\/i>\r\n                                                                            <i class=\"review-testimonial stt-icon-star1\"><\/i>\r\n                                                                            <i class=\"review-testimonial stt-icon-star1\"><\/i>\r\n                                                                            <i class=\"review-testimonial stt-icon-star1\"><\/i>\r\n                                                                                                    <h4 class=\"name\">jihan eljirari<\/h4>\r\n                                \r\n                                                                <p class=\"office-testimonial office-testimonial-lib\">France<\/p>\r\n                                \r\n                        <\/div>\r\n                    <\/div>\r\n                <\/div>\r\n                            <div class=\"swiper-slide\">\r\n                    <div class=\"item\">\r\n\r\n                        \r\n                        <p class=\"st-content st-content-lib\">\r\n                            \u201cTop level experiences  and daypass organizers. I will be back again and surely recommend. Thanks zindigui and Youssef\u201d                        <\/p>\r\n                        <div class=\"author-meta author-meta-lib\">\r\n                                                                    <i class=\"review-testimonial stt-icon-star1\"><\/i>\r\n                                                                            <i class=\"review-testimonial stt-icon-star1\"><\/i>\r\n                                                                            <i class=\"review-testimonial stt-icon-star1\"><\/i>\r\n                                                                            <i class=\"review-testimonial stt-icon-star1\"><\/i>\r\n                                                                            <i class=\"review-testimonial stt-icon-star1\"><\/i>\r\n                                                                                                    <h4 class=\"name\">amal sadiq<\/h4>\r\n                                \r\n                                                                <p class=\"office-testimonial office-testimonial-lib\">Moroc<\/p>\r\n                                \r\n                        <\/div>\r\n                    <\/div>\r\n                <\/div>\r\n                            <div class=\"swiper-slide\">\r\n                    <div class=\"item\">\r\n\r\n                        \r\n                        <p class=\"st-content st-content-lib\">\r\n                            \u201cGreat  hospitality by Mohamed and a very wonderful view !!\u201d                        <\/p>\r\n                        <div class=\"author-meta author-meta-lib\">\r\n                                                                    <i class=\"review-testimonial stt-icon-star1\"><\/i>\r\n                                                                            <i class=\"review-testimonial stt-icon-star1\"><\/i>\r\n                                                                            <i class=\"review-testimonial stt-icon-star1\"><\/i>\r\n                                                                            <i class=\"review-testimonial stt-icon-star1\"><\/i>\r\n                                                                            <i class=\"review-testimonial stt-icon-star1\"><\/i>\r\n                                                                                                    <h4 class=\"name\">Yehya Lemzouri<\/h4>\r\n                                \r\n                                                                <p class=\"office-testimonial office-testimonial-lib\">les Etat Unis<\/p>\r\n                                \r\n                        <\/div>\r\n                    <\/div>\r\n                <\/div>\r\n            \t\t\t<\/div>\r\n        <\/div>\r\n\t\t\t\t<div class=\"swiper-pagination\"><\/div>\r\n\t\t\t\t\t<div class=\"st-button-prev\"><span class=\"stt-icon stt-icon-arrow-left\"><\/span><\/div><div class=\"st-button-next\"><span class=\"stt-icon stt-icon-arrow-right\"><\/span><\/div>\r\n\t\t    <\/div>\r\n<\/div>\r\n\r\n\r\n\t\t\t\t<\/div>\n\t\t\t\t<\/div>\n\t\t\t\t\t<\/div>\n\t\t<\/div>\n\t\t\t\t\t<\/div>\n\t\t<\/section>\n\t\t<div class=\"elementor-element elementor-element-661d14a e-flex e-con-boxed e-con e-parent\" data-id=\"661d14a\" data-element_type=\"container\">\n\t\t\t\t\t<div class=\"e-con-inner\">\n\t\t\t\t<div class=\"elementor-element elementor-element-d80e3f8 elementor-widget elementor-widget-google_maps\" data-id=\"d80e3f8\" data-element_type=\"widget\" data-widget_type=\"google_maps.default\">\n\t\t\t\t<div class=\"elementor-widget-container\">\n\t\t\t\t\t\t\t<div class=\"elementor-custom-embed\">\n\t\t\t<iframe loading=\"lazy\"\n\t\t\t\t\tsrc=\"https:\/\/www.google.com\/maps\/embed\/v1\/place?key=AIzaSyD_mvw2zZtbTI4CrlzB0zqInC6jYXfhsQw&#038;q=desert%20d%27agafay&#038;zoom=11\"\n\t\t\t\t\ttitle=\"desert d&#039;agafay\"\n\t\t\t\t\taria-label=\"desert d&#039;agafay\"\n\t\t\t><\/iframe>\n\t\t<\/div>\n\t\t\t\t\t\t<\/div>\n\t\t\t\t<\/div>\n\t\t\t\t\t<\/div>\n\t\t\t\t<\/div>\n\t\t\t\t<\/div>\n\t\t","protected":false},"excerpt":{"rendered":"<p>\u00c0 propos d&rsquo;Agafay Desert Day Pass Envie de vous \u00e9vader, de revenir \u00e0 l&rsquo;essentiel au c\u0153ur du d\u00e9sert, tout en pr\u00e9servant votre confort pour une journ\u00e9e ? Venez vivre un moment d&rsquo;exception en obtenant votre pass journ\u00e9e dans les luxueuses piscines du d\u00e9sert d&rsquo;agafay sans avoir \u00e0 y passer la nuit. Nous vous proposons une [&hellip;]<\/p>\n","protected":false},"author":1,"featured_media":0,"parent":0,"menu_order":0,"comment_status":"closed","ping_status":"closed","template":"template-blank.php","meta":{"_joinchat":[],"footnotes":""},"class_list":["post-15969","page","type-page","status-publish","has-post-thumbnail","hentry"],"_links":{"self":[{"href":"https:\/\/marocdaypass.com\/fr\/wp-json\/wp\/v2\/pages\/15969","targetHints":{"allow":["GET"]}}],"collection":[{"href":"https:\/\/marocdaypass.com\/fr\/wp-json\/wp\/v2\/pages"}],"about":[{"href":"https:\/\/marocdaypass.com\/fr\/wp-json\/wp\/v2\/types\/page"}],"author":[{"embeddable":true,"href":"https:\/\/marocdaypass.com\/fr\/wp-json\/wp\/v2\/users\/1"}],"replies":[{"embeddable":true,"href":"https:\/\/marocdaypass.com\/fr\/wp-json\/wp\/v2\/comments?post=15969"}],"version-history":[{"count":20,"href":"https:\/\/marocdaypass.com\/fr\/wp-json\/wp\/v2\/pages\/15969\/revisions"}],"predecessor-version":[{"id":28614,"href":"https:\/\/marocdaypass.com\/fr\/wp-json\/wp\/v2\/pages\/15969\/revisions\/28614"}],"wp:attachment":[{"href":"https:\/\/marocdaypass.com\/fr\/wp-json\/wp\/v2\/media?parent=15969"}],"curies":[{"name":"wp","href":"https:\/\/api.w.org\/{rel}","templated":true}]}}